{"id":5526,"date":"2024-07-30T11:26:04","date_gmt":"2024-07-30T09:26:04","guid":{"rendered":"https:\/\/www.strakvlak.nl\/messe-kalender\/"},"modified":"2024-08-15T11:51:19","modified_gmt":"2024-08-15T09:51:19","slug":"messe-kalender","status":"publish","type":"page","link":"https:\/\/www.strakvlak.nl\/at\/messe-kalender\/","title":{"rendered":"Messe-Kalender"},"content":{"rendered":"\n<div class=\"wp-block-uagb-container uagb-block-144f4db3 alignwide uagb-is-root-container\">\n<div class=\"wp-block-group is-vertical is-layout-flex wp-container-core-group-is-layout-fe9cc265 wp-block-group-is-layout-flex\">\n<h1 class=\"wp-block-heading\">Messekalender<\/h1>\n\n\n\n<p>Strakvlak besucht jedes Jahr verschiedene nationale und internationale Fachmessen. Nachfolgend finden Sie eine \u00dcbersicht der kommenden Messen.<\/p>\n\n\n\n<div style=\"height:5px\" aria-hidden=\"true\" class=\"wp-block-spacer wp-container-content-463bd4c8\"><\/div>\n<\/div>\n<\/div>\n\n\n\n<div class=\"wp-block-uagb-container uagb-block-393a5704 alignfull uagb-is-root-container\"><div class=\"uagb-container-inner-blocks-wrap\">\n<div class=\"wp-block-uagb-container uagb-block-1f41f536\">\n<div class=\"wp-block-group is-layout-constrained wp-block-group-is-layout-constrained\">\n<h2 class=\"wp-block-heading\">GaLaBau 2024<\/h2>\n\n\n\n<p><strong>Veranstaltung: GaLaBau 2024 &#8211; Save the date!<\/strong><\/p>\n\n\n\n<h3 class=\"wp-block-heading\"><strong>Strakvlak auf der GaLaBau 2024<\/strong><\/h3>\n\n\n\n<p>Strakvlak ist auf der GaLaBau 2024 pr\u00e4sent, um unsere Nivellierschaufeln zu zeigen. Kommen Sie vorbei und erleben Sie unsere L\u00f6sungen, die die Arbeit von G\u00e4rtnern und Pflasterern effizienter und ges\u00fcnder machen. Entdecken Sie die neuesten Trends und Technologien und kn\u00fcpfen Sie wertvolle Kontakte in der Branche.<\/p>\n\n\n\n<p><strong>Besuchen Sie unseren Stand:<\/strong><br><strong>Datum:<\/strong> 11 &#8211; 14 September 2024<br><strong>Ort: <\/strong>N\u00fcrnberg, Deutschland<br><strong>Stand: <\/strong>HAL 5 &#8211; standnummer 428<\/p>\n\n\n\n<div class=\"wp-block-buttons is-layout-flex wp-block-buttons-is-layout-flex\">\n<div class=\"wp-block-button\"><a class=\"wp-block-button__link wp-element-button\" href=\"https:\/\/www.galabau-messe.com\/de-de\" target=\"_blank\" rel=\"noreferrer noopener\">Besuchen Sie die Website<\/a><\/div>\n<\/div>\n<\/div>\n<\/div>\n\n\n\n<div class=\"wp-block-uagb-container uagb-block-4a46df21\">\n<figure class=\"wp-block-image size-full\"><img decoding=\"async\" width=\"480\" height=\"320\" src=\"https:\/\/www.strakvlak.nl\/wp-content\/uploads\/2024\/07\/Galabau-2024-Strakvlak.webp\" alt=\"GalaBau 2024 Strakvlak\" class=\"wp-image-5131\" srcset=\"https:\/\/www.strakvlak.nl\/wp-content\/uploads\/2024\/07\/Galabau-2024-Strakvlak.webp 480w, https:\/\/www.strakvlak.nl\/wp-content\/uploads\/2024\/07\/Galabau-2024-Strakvlak-300x200.webp 300w\" sizes=\"(max-width: 480px) 100vw, 480px\" \/><\/figure>\n<\/div>\n<\/div><\/div>\n\n\n\n<div class=\"wp-block-uagb-container uagb-block-1f74f8a1 alignfull uagb-is-root-container\"><div class=\"uagb-container-inner-blocks-wrap\"><\/div><\/div>\n\n\n\n<div class=\"wp-block-uagb-container uagb-block-c2794b80 alignfull uagb-is-root-container\"><div class=\"uagb-container-inner-blocks-wrap\">\n<div class=\"wp-block-uagb-container uagb-block-56d8d12a\">\n<figure class=\"wp-block-image aligncenter size-full is-resized\"><img decoding=\"async\" width=\"600\" height=\"362\" src=\"https:\/\/www.strakvlak.nl\/wp-content\/uploads\/2024\/07\/Groene-sector-vakbeurs-strakvlak-2024.webp\" alt=\"Groene sector Fachmesse\" class=\"wp-image-5143\" style=\"width:487px;height:auto\" srcset=\"https:\/\/www.strakvlak.nl\/wp-content\/uploads\/2024\/07\/Groene-sector-vakbeurs-strakvlak-2024.webp 600w, https:\/\/www.strakvlak.nl\/wp-content\/uploads\/2024\/07\/Groene-sector-vakbeurs-strakvlak-2024-300x181.webp 300w\" sizes=\"(max-width: 600px) 100vw, 600px\" \/><\/figure>\n<\/div>\n\n\n\n<div class=\"wp-block-uagb-container uagb-block-27d8f14e\">\n<div class=\"wp-block-group is-layout-constrained wp-block-group-is-layout-constrained\">\n<h2 class=\"wp-block-heading\">De Groene Sector<\/h2>\n\n\n\n<p><strong>Veranstaltung: De Groene Sector 2025<\/strong><\/p>\n\n\n\n<h3 class=\"wp-block-heading\"><strong>Strakvlak auf der Groene Sector 2025<\/strong><\/h3>\n\n\n\n<p>Die Groene Sector Fachmesse am 7., 8. und 9. Januar 2025 ist der Wissens- und Netzwerkmoment f\u00fcr die gr\u00fcne Branche. J\u00e4hrlich kommen durchschnittlich 16.500 Fachleute aus der Branche zur dreit\u00e4gigen Fachmesse, und es gibt \u00fcber 300 Aussteller.<\/p>\n\n\n\n<p><strong>Besuchen Sie unseren Stand vom 7. bis 9. Januar 2025 von 13:00 bis 21:00 Uhr.<\/strong><\/p>\n\n\n\n<p><strong>Datum:<\/strong> 7., 8. und 9. Januar 2025\n<strong>Ort:<\/strong> Evenementenhal Hardenberg<\/p>\n\n\n\n<div class=\"wp-block-buttons is-layout-flex wp-block-buttons-is-layout-flex\">\n<div class=\"wp-block-button\"><a class=\"wp-block-button__link wp-element-button\" href=\"https:\/\/www.groenesector.nl\/\" target=\"_blank\" rel=\"noreferrer noopener\">Besuchen Sie die Website<\/a><\/div>\n<\/div>\n<\/div>\n<\/div>\n<\/div><\/div>\n","protected":false},"excerpt":{"rendered":"<p>Messekalender Strakvlak besucht jedes Jahr verschiedene nationale und internationale Fachmessen. Nachfolgend finden Sie eine \u00dcbersicht der kommenden Messen. GaLaBau 2024 [&hellip;]<\/p>\n","protected":false},"author":14,"featured_media":0,"parent":0,"menu_order":0,"comment_status":"closed","ping_status":"closed","template":"","meta":{"_acf_changed":false,"_uag_custom_page_level_css":"","site-sidebar-layout":"default","site-content-layout":"","ast-site-content-layout":"default","site-content-style":"default","site-sidebar-style":"default","ast-global-header-display":"","ast-banner-title-visibility":"","ast-main-header-display":"","ast-hfb-above-header-display":"","ast-hfb-below-header-display":"","ast-hfb-mobile-header-display":"","site-post-title":"disabled","ast-breadcrumbs-content":"","ast-featured-img":"","footer-sml-layout":"","ast-disable-related-posts":"","theme-transparent-header-meta":"","adv-header-id-meta":"","stick-header-meta":"","header-above-stick-meta":"","header-main-stick-meta":"","header-below-stick-meta":"","astra-migrate-meta-layouts":"set","ast-page-background-enabled":"default","ast-page-background-meta":{"desktop":{"background-color":"var(--ast-global-color-4)","background-image":"","background-repeat":"repeat","background-position":"center center","background-size":"auto","background-attachment":"scroll","background-type":"","background-media":"","overlay-type":"","overlay-color":"","overlay-opacity":"","overlay-gradient":""},"tablet":{"background-color":"","background-image":"","background-repeat":"repeat","background-position":"center center","background-size":"auto","background-attachment":"scroll","background-type":"","background-media":"","overlay-type":"","overlay-color":"","overlay-opacity":"","overlay-gradient":""},"mobile":{"background-color":"","background-image":"","background-repeat":"repeat","background-position":"center center","background-size":"auto","background-attachment":"scroll","background-type":"","background-media":"","overlay-type":"","overlay-color":"","overlay-opacity":"","overlay-gradient":""}},"ast-content-background-meta":{"desktop":{"background-color":"var(--ast-global-color-5)","background-image":"","background-repeat":"repeat","background-position":"center center","background-size":"auto","background-attachment":"scroll","background-type":"","background-media":"","overlay-type":"","overlay-color":"","overlay-opacity":"","overlay-gradient":""},"tablet":{"background-color":"var(--ast-global-color-5)","background-image":"","background-repeat":"repeat","background-position":"center center","background-size":"auto","background-attachment":"scroll","background-type":"","background-media":"","overlay-type":"","overlay-color":"","overlay-opacity":"","overlay-gradient":""},"mobile":{"background-color":"var(--ast-global-color-5)","background-image":"","background-repeat":"repeat","background-position":"center center","background-size":"auto","background-attachment":"scroll","background-type":"","background-media":"","overlay-type":"","overlay-color":"","overlay-opacity":"","overlay-gradient":""}},"footnotes":""},"class_list":["post-5526","page","type-page","status-publish","hentry"],"acf":[],"yoast_head":"<!-- This site is optimized with the Yoast SEO plugin v27.3 - https:\/\/yoast.com\/product\/yoast-seo-wordpress\/ -->\n<title>Messe-Kalender - Strakvlak<\/title>\n<meta name=\"description\" content=\"Messekalender von Strakvlak. Besuchen Sie uns bei den kommenden Veranstaltungen und versorgen Sie sich mit allen notwendigen Informationen.\" \/>\n<meta name=\"robots\" content=\"index, follow, max-snippet:-1, max-image-preview:large, max-video-preview:-1\" \/>\n<link rel=\"canonical\" href=\"https:\/\/www.strakvlak.nl\/at\/messe-kalender\/\" \/>\n<meta property=\"og:locale\" content=\"de_DE\" \/>\n<meta property=\"og:type\" content=\"article\" \/>\n<meta property=\"og:title\" content=\"Messe-Kalender - Strakvlak\" \/>\n<meta property=\"og:description\" content=\"Messekalender von Strakvlak. Besuchen Sie uns bei den kommenden Veranstaltungen und versorgen Sie sich mit allen notwendigen Informationen.\" \/>\n<meta property=\"og:url\" content=\"https:\/\/www.strakvlak.nl\/de\/messe-kalender\/\" \/>\n<meta property=\"og:site_name\" content=\"Strakvlak\" \/>\n<meta property=\"article:modified_time\" content=\"2024-08-15T09:51:19+00:00\" \/>\n<meta property=\"og:image\" content=\"https:\/\/www.strakvlak.nl\/wp-content\/uploads\/2024\/07\/Galabau-2024-Strakvlak.webp\" \/>\n<meta name=\"twitter:card\" content=\"summary_large_image\" \/>\n<meta name=\"twitter:label1\" content=\"Gesch\u00e4tzte Lesezeit\" \/>\n\t<meta name=\"twitter:data1\" content=\"2 Minuten\" \/>\n<script type=\"application\/ld+json\" class=\"yoast-schema-graph\">{\"@context\":\"https:\\\/\\\/schema.org\",\"@graph\":[{\"@type\":\"WebPage\",\"@id\":\"https:\\\/\\\/www.strakvlak.nl\\\/at\\\/messe-kalender\\\/\",\"url\":\"https:\\\/\\\/www.strakvlak.nl\\\/de\\\/messe-kalender\\\/\",\"name\":\"Messe-Kalender - Strakvlak\",\"isPartOf\":{\"@id\":\"https:\\\/\\\/www.strakvlak.nl\\\/at\\\/#website\"},\"primaryImageOfPage\":{\"@id\":\"https:\\\/\\\/www.strakvlak.nl\\\/de\\\/messe-kalender\\\/#primaryimage\"},\"image\":{\"@id\":\"https:\\\/\\\/www.strakvlak.nl\\\/de\\\/messe-kalender\\\/#primaryimage\"},\"thumbnailUrl\":\"https:\\\/\\\/www.strakvlak.nl\\\/wp-content\\\/uploads\\\/2024\\\/07\\\/Galabau-2024-Strakvlak.webp\",\"datePublished\":\"2024-07-30T09:26:04+00:00\",\"dateModified\":\"2024-08-15T09:51:19+00:00\",\"description\":\"Messekalender von Strakvlak. Besuchen Sie uns bei den kommenden Veranstaltungen und versorgen Sie sich mit allen notwendigen Informationen.\",\"breadcrumb\":{\"@id\":\"https:\\\/\\\/www.strakvlak.nl\\\/de\\\/messe-kalender\\\/#breadcrumb\"},\"inLanguage\":\"de-AT\",\"potentialAction\":[{\"@type\":\"ReadAction\",\"target\":[\"https:\\\/\\\/www.strakvlak.nl\\\/de\\\/messe-kalender\\\/\"]}]},{\"@type\":\"ImageObject\",\"inLanguage\":\"de-AT\",\"@id\":\"https:\\\/\\\/www.strakvlak.nl\\\/de\\\/messe-kalender\\\/#primaryimage\",\"url\":\"https:\\\/\\\/www.strakvlak.nl\\\/wp-content\\\/uploads\\\/2024\\\/07\\\/Galabau-2024-Strakvlak.webp\",\"contentUrl\":\"https:\\\/\\\/www.strakvlak.nl\\\/wp-content\\\/uploads\\\/2024\\\/07\\\/Galabau-2024-Strakvlak.webp\"},{\"@type\":\"BreadcrumbList\",\"@id\":\"https:\\\/\\\/www.strakvlak.nl\\\/de\\\/messe-kalender\\\/#breadcrumb\",\"itemListElement\":[{\"@type\":\"ListItem\",\"position\":1,\"name\":\"Home\",\"item\":\"https:\\\/\\\/www.strakvlak.nl\\\/at\\\/\"},{\"@type\":\"ListItem\",\"position\":2,\"name\":\"Messe-Kalender\"}]},{\"@type\":\"WebSite\",\"@id\":\"https:\\\/\\\/www.strakvlak.nl\\\/at\\\/#website\",\"url\":\"https:\\\/\\\/www.strakvlak.nl\\\/at\\\/\",\"name\":\"Strakvlak\",\"description\":\"Egaliseren met gemak!\",\"publisher\":{\"@id\":\"https:\\\/\\\/www.strakvlak.nl\\\/at\\\/#organization\"},\"potentialAction\":[{\"@type\":\"SearchAction\",\"target\":{\"@type\":\"EntryPoint\",\"urlTemplate\":\"https:\\\/\\\/www.strakvlak.nl\\\/at\\\/?s={search_term_string}\"},\"query-input\":{\"@type\":\"PropertyValueSpecification\",\"valueRequired\":true,\"valueName\":\"search_term_string\"}}],\"inLanguage\":\"de-AT\"},{\"@type\":\"Organization\",\"@id\":\"https:\\\/\\\/www.strakvlak.nl\\\/at\\\/#organization\",\"name\":\"Strakvlak BV\",\"url\":\"https:\\\/\\\/www.strakvlak.nl\\\/at\\\/\",\"logo\":{\"@type\":\"ImageObject\",\"inLanguage\":\"de-AT\",\"@id\":\"https:\\\/\\\/www.strakvlak.nl\\\/at\\\/#\\\/schema\\\/logo\\\/image\\\/\",\"url\":\"https:\\\/\\\/www.strakvlak.nl\\\/wp-content\\\/uploads\\\/2017\\\/08\\\/strakvlak-egaliseerscchuif.png\",\"contentUrl\":\"https:\\\/\\\/www.strakvlak.nl\\\/wp-content\\\/uploads\\\/2017\\\/08\\\/strakvlak-egaliseerscchuif.png\",\"width\":333,\"height\":57,\"caption\":\"Strakvlak BV\"},\"image\":{\"@id\":\"https:\\\/\\\/www.strakvlak.nl\\\/at\\\/#\\\/schema\\\/logo\\\/image\\\/\"},\"sameAs\":[\"https:\\\/\\\/www.linkedin.com\\\/company\\\/visser-breda\\\/\",\"https:\\\/\\\/www.youtube.com\\\/user\\\/strakvlak39\"]}]}<\/script>\n<!-- \/ Yoast SEO plugin. -->","yoast_head_json":{"title":"Messe-Kalender - Strakvlak","description":"Messekalender von Strakvlak. Besuchen Sie uns bei den kommenden Veranstaltungen und versorgen Sie sich mit allen notwendigen Informationen.","robots":{"index":"index","follow":"follow","max-snippet":"max-snippet:-1","max-image-preview":"max-image-preview:large","max-video-preview":"max-video-preview:-1"},"canonical":"https:\/\/www.strakvlak.nl\/at\/messe-kalender\/","og_locale":"de_DE","og_type":"article","og_title":"Messe-Kalender - Strakvlak","og_description":"Messekalender von Strakvlak. Besuchen Sie uns bei den kommenden Veranstaltungen und versorgen Sie sich mit allen notwendigen Informationen.","og_url":"https:\/\/www.strakvlak.nl\/de\/messe-kalender\/","og_site_name":"Strakvlak","article_modified_time":"2024-08-15T09:51:19+00:00","og_image":[{"url":"https:\/\/www.strakvlak.nl\/wp-content\/uploads\/2024\/07\/Galabau-2024-Strakvlak.webp","type":"","width":"","height":""}],"twitter_card":"summary_large_image","twitter_misc":{"Gesch\u00e4tzte Lesezeit":"2 Minuten"},"schema":{"@context":"https:\/\/schema.org","@graph":[{"@type":"WebPage","@id":"https:\/\/www.strakvlak.nl\/at\/messe-kalender\/","url":"https:\/\/www.strakvlak.nl\/de\/messe-kalender\/","name":"Messe-Kalender - Strakvlak","isPartOf":{"@id":"https:\/\/www.strakvlak.nl\/at\/#website"},"primaryImageOfPage":{"@id":"https:\/\/www.strakvlak.nl\/de\/messe-kalender\/#primaryimage"},"image":{"@id":"https:\/\/www.strakvlak.nl\/de\/messe-kalender\/#primaryimage"},"thumbnailUrl":"https:\/\/www.strakvlak.nl\/wp-content\/uploads\/2024\/07\/Galabau-2024-Strakvlak.webp","datePublished":"2024-07-30T09:26:04+00:00","dateModified":"2024-08-15T09:51:19+00:00","description":"Messekalender von Strakvlak. Besuchen Sie uns bei den kommenden Veranstaltungen und versorgen Sie sich mit allen notwendigen Informationen.","breadcrumb":{"@id":"https:\/\/www.strakvlak.nl\/de\/messe-kalender\/#breadcrumb"},"inLanguage":"de-AT","potentialAction":[{"@type":"ReadAction","target":["https:\/\/www.strakvlak.nl\/de\/messe-kalender\/"]}]},{"@type":"ImageObject","inLanguage":"de-AT","@id":"https:\/\/www.strakvlak.nl\/de\/messe-kalender\/#primaryimage","url":"https:\/\/www.strakvlak.nl\/wp-content\/uploads\/2024\/07\/Galabau-2024-Strakvlak.webp","contentUrl":"https:\/\/www.strakvlak.nl\/wp-content\/uploads\/2024\/07\/Galabau-2024-Strakvlak.webp"},{"@type":"BreadcrumbList","@id":"https:\/\/www.strakvlak.nl\/de\/messe-kalender\/#breadcrumb","itemListElement":[{"@type":"ListItem","position":1,"name":"Home","item":"https:\/\/www.strakvlak.nl\/at\/"},{"@type":"ListItem","position":2,"name":"Messe-Kalender"}]},{"@type":"WebSite","@id":"https:\/\/www.strakvlak.nl\/at\/#website","url":"https:\/\/www.strakvlak.nl\/at\/","name":"Strakvlak","description":"Egaliseren met gemak!","publisher":{"@id":"https:\/\/www.strakvlak.nl\/at\/#organization"},"potentialAction":[{"@type":"SearchAction","target":{"@type":"EntryPoint","urlTemplate":"https:\/\/www.strakvlak.nl\/at\/?s={search_term_string}"},"query-input":{"@type":"PropertyValueSpecification","valueRequired":true,"valueName":"search_term_string"}}],"inLanguage":"de-AT"},{"@type":"Organization","@id":"https:\/\/www.strakvlak.nl\/at\/#organization","name":"Strakvlak BV","url":"https:\/\/www.strakvlak.nl\/at\/","logo":{"@type":"ImageObject","inLanguage":"de-AT","@id":"https:\/\/www.strakvlak.nl\/at\/#\/schema\/logo\/image\/","url":"https:\/\/www.strakvlak.nl\/wp-content\/uploads\/2017\/08\/strakvlak-egaliseerscchuif.png","contentUrl":"https:\/\/www.strakvlak.nl\/wp-content\/uploads\/2017\/08\/strakvlak-egaliseerscchuif.png","width":333,"height":57,"caption":"Strakvlak BV"},"image":{"@id":"https:\/\/www.strakvlak.nl\/at\/#\/schema\/logo\/image\/"},"sameAs":["https:\/\/www.linkedin.com\/company\/visser-breda\/","https:\/\/www.youtube.com\/user\/strakvlak39"]}]}},"uagb_featured_image_src":{"full":false,"thumbnail":false,"medium":false,"medium_large":false,"large":false,"1536x1536":false,"2048x2048":false,"gform-image-choice-sm":false,"gform-image-choice-md":false,"gform-image-choice-lg":false},"uagb_author_info":{"display_name":"Alex Smits","author_link":"https:\/\/www.strakvlak.nl\/at\/author\/alexsmits\/"},"uagb_comment_info":0,"uagb_excerpt":"Messekalender Strakvlak besucht jedes Jahr verschiedene nationale und internationale Fachmessen. Nachfolgend finden Sie eine \u00dcbersicht der kommenden Messen. GaLaBau 2024 [&hellip;]","_links":{"self":[{"href":"https:\/\/www.strakvlak.nl\/at\/wp-json\/wp\/v2\/pages\/5526","targetHints":{"allow":["GET"]}}],"collection":[{"href":"https:\/\/www.strakvlak.nl\/at\/wp-json\/wp\/v2\/pages"}],"about":[{"href":"https:\/\/www.strakvlak.nl\/at\/wp-json\/wp\/v2\/types\/page"}],"author":[{"embeddable":true,"href":"https:\/\/www.strakvlak.nl\/at\/wp-json\/wp\/v2\/users\/14"}],"replies":[{"embeddable":true,"href":"https:\/\/www.strakvlak.nl\/at\/wp-json\/wp\/v2\/comments?post=5526"}],"version-history":[{"count":6,"href":"https:\/\/www.strakvlak.nl\/at\/wp-json\/wp\/v2\/pages\/5526\/revisions"}],"predecessor-version":[{"id":6146,"href":"https:\/\/www.strakvlak.nl\/at\/wp-json\/wp\/v2\/pages\/5526\/revisions\/6146"}],"wp:attachment":[{"href":"https:\/\/www.strakvlak.nl\/at\/wp-json\/wp\/v2\/media?parent=5526"}],"curies":[{"name":"wp","href":"https:\/\/api.w.org\/{rel}","templated":true}]}}