{"id":4724,"date":"2024-07-19T10:56:02","date_gmt":"2024-07-19T08:56:02","guid":{"rendered":"https:\/\/www.strakvlak.nl\/uber-uns\/"},"modified":"2024-07-31T10:39:18","modified_gmt":"2024-07-31T08:39:18","slug":"uber-uns","status":"publish","type":"page","link":"https:\/\/www.strakvlak.nl\/de\/uber-uns\/","title":{"rendered":"\u00dcber uns"},"content":{"rendered":"\n<div style=\"height:10px\" aria-hidden=\"true\" class=\"wp-block-spacer\"><\/div>\n\n\n\n<div style=\"height:5px\" aria-hidden=\"true\" class=\"wp-block-spacer\"><\/div>\n\n\n\n<div class=\"wp-block-uagb-container uagb-block-f6deaaeb alignfull uagb-is-root-container\"><div class=\"uagb-container-inner-blocks-wrap\">\n<div class=\"wp-block-uagb-container uagb-block-60fa0dd7\">\n<h1 class=\"wp-block-heading has-text-align-left has-ast-global-color-0-color has-text-color\" style=\"margin-top:0px;margin-right:0;margin-bottom:0px;margin-left:0;padding-top:0rem;padding-bottom:0rem;font-size:21px\">Strakvlak und Visser &amp; Visser<\/h1>\n\n\n\n<p>Strakvlak ist ein Produkt von <a href=\"https:\/\/www.visserenvisser.nl\/?utm_source=strakvlak&amp;utm_medium=de&amp;utm_campaign=referral\" target=\"_blank\" rel=\"noreferrer noopener\">Visser &amp; Visser<\/a>, einem Familienunternehmen aus Breda, das seit \u00fcber 60 Jahren als Gro\u00dfh\u00e4ndler im Tief-, Stra\u00dfen- und Wasserbau t\u00e4tig ist. Visser &amp; Visser ist bekannt f\u00fcr sein gro\u00dfes Sortiment und verf\u00fcgt \u00fcber viel Fachwissen in den Bereichen Messen, Bauen und Abstecken. Diese reiche Geschichte und Erfahrung in der Lieferung von hochwertigen Garten- und Pflasterwerkzeugen bildeten die Grundlage f\u00fcr die Entwicklung des Strakvlak.<\/p>\n\n\n\n<h2 class=\"wp-block-heading has-text-align-left has-ast-global-color-0-color has-text-color\" style=\"margin-top:0px;margin-right:0;margin-bottom:0px;margin-left:0;padding-top:0rem;padding-bottom:0rem;font-size:21px\">Funktional und ergonomisch verantwortbar<\/h2>\n\n\n\n<p>Der Durchbruch des Strakvlak geht auf das Jahr 2009 zur\u00fcck. Die Idee f\u00fcr den Strakvlak Planierhobel entstand aus direkten Beobachtungen und Feedback von G\u00e4rtnern und Pflasterern. Fachleute im Feld gaben an, dass herk\u00f6mmliches Abzieherwerkzeug oft schwer, unhandlich und belastend f\u00fcr den K\u00f6rper ist. Dies ging auf Kosten der Produktivit\u00e4t und vor allem der Gesundheit der Anwender. Der Bedarf an einem ergonomischen und effizienten Hilfsmittel zum Abziehen war daher gro\u00df. Deshalb begann Visser &amp; Visser mit der Entwicklung<\/p>\n<\/div>\n\n\n\n<div class=\"wp-block-uagb-image uagb-block-3389989a wp-block-uagb-image--layout-default wp-block-uagb-image--effect-static wp-block-uagb-image--align-none\"><figure class=\"wp-block-uagb-image__figure\"><img decoding=\"async\" srcset=\"https:\/\/www.strakvlak.nl\/wp-content\/uploads\/2024\/05\/Vertegenwoordigers-Visser-_1_-1030x791.webp ,https:\/\/www.strakvlak.nl\/wp-content\/uploads\/2024\/05\/Vertegenwoordigers-Visser-_1_.webp 780w, https:\/\/www.strakvlak.nl\/wp-content\/uploads\/2024\/05\/Vertegenwoordigers-Visser-_1_.webp 360w\" sizes=\"auto, (max-width: 480px) 150px\" src=\"https:\/\/www.strakvlak.nl\/wp-content\/uploads\/2024\/05\/Vertegenwoordigers-Visser-_1_-1030x791.webp\" alt=\"Strakvlak vertegenwoordigers\" class=\"uag-image-3347\" width=\"585\" height=\"449\" title=\"\" loading=\"lazy\" role=\"img\"\/><\/figure><\/div>\n<\/div><\/div>\n\n\n\n<div class=\"wp-block-uagb-container uagb-block-a7ee71d3 alignfull uagb-is-root-container\"><div class=\"uagb-container-inner-blocks-wrap\">\n<div class=\"wp-block-uagb-container uagb-block-0dad5510\">\n<figure class=\"wp-block-image size-large\"><a href=\"https:\/\/strakvlak.nl\/de\/strakvlak-lsr\/\"><img decoding=\"async\" width=\"1030\" height=\"773\" src=\"https:\/\/www.strakvlak.nl\/wp-content\/uploads\/2024\/05\/strakvlak-LSR-1030x773.webp\" alt=\"Strakvlak LSR\" class=\"wp-image-3027\" srcset=\"https:\/\/www.strakvlak.nl\/wp-content\/uploads\/2024\/05\/strakvlak-LSR-1030x773.webp 1030w, https:\/\/www.strakvlak.nl\/wp-content\/uploads\/2024\/05\/strakvlak-LSR-300x225.webp 300w, https:\/\/www.strakvlak.nl\/wp-content\/uploads\/2024\/05\/strakvlak-LSR-768x576.webp 768w, https:\/\/www.strakvlak.nl\/wp-content\/uploads\/2024\/05\/strakvlak-LSR-1536x1152.webp 1536w, https:\/\/www.strakvlak.nl\/wp-content\/uploads\/2024\/05\/strakvlak-LSR-2048x1536.webp 2048w\" sizes=\"(max-width: 1030px) 100vw, 1030px\" \/><\/a><\/figure>\n<\/div>\n\n\n\n<div class=\"wp-block-uagb-container uagb-block-f27eb3dc\">\n<p>einer innovativen L\u00f6sung f\u00fcr die Garten- und Pflasterbranche. Das Ergebnis war Strakvlak: der Abziehhelfer, der funktional und ergonomisch verantwortbar ist. Kein Wunder, dass der Visser &amp; Visser Strakvlak von Fachorganisationen und Arbeitsschutzbeh\u00f6rden mit offenen Armen empfangen wurde!<\/p>\n\n\n\n<h4 class=\"wp-block-heading has-text-align-left has-ast-global-color-0-color has-text-color\" style=\"margin-top:0px;margin-right:0;margin-bottom:0px;margin-left:0;padding-top:0rem;padding-bottom:0rem;font-size:21px\">St\u00e4ndige Erneuering und Entwicklung<\/h4>\n\n\n\n<p>Trotz des Erfolgs investierte Visser &amp; Visser weiterhin in Technologie und Design, um die Strakvlak-Produkte weiter zu verbessern und an die sich \u00e4ndernden Marktbed\u00fcrfnisse anzupassen. So konnten 2015 die erneuerten und verbesserten Modelle eingef\u00fchrt werden: mit h\u00f6heren Seitenplatten f\u00fcr bessere Referenz, einer gr\u00f6\u00dferen Arbeitsbreite, einer Dachprofiloption und flacheren R\u00e4dern. Zus\u00e4tzlich wurden auch Zubeh\u00f6rteile wie eine Saatrechen und ein Besen entwickelt, um die Funktionalit\u00e4t der Strakvlak Planierhobel weiter zu optimieren. Das Setzen von Referenzpunkten blieb jedoch weiterhin eine zeitaufw\u00e4ndige Aufgabe. Nach fast dreieinhalb Jahren Entwicklung und umfangreichen Tests f\u00fchrte Visser &amp; Visser im Juni 2023 als Antwort darauf ein lasergesteuertes und selbstnivellierendes Modell ein: den Strakvlak LSR. Damit kann schnell und einfach eine ebene Wasserwaage oder eine einseitige\/doppelseitige Neigung erstellt werden. Der <a href=\"https:\/\/strakvlak.nl\/de\/strakvlak-lsr\/\">Strakvlak LSR<\/a> erleichtert somit die Nivellierungsarbeit erheblich!<\/p>\n<\/div>\n<\/div><\/div>\n\n\n\n<div class=\"wp-block-uagb-container uagb-block-d8fad21a alignfull uagb-is-root-container\"><div class=\"uagb-container-inner-blocks-wrap\">\n<div class=\"wp-block-uagb-container uagb-block-e0fae354\">\n<h4 class=\"wp-block-heading has-text-align-left has-ast-global-color-0-color has-text-color\" style=\"margin-top:0px;margin-right:0;margin-bottom:0px;margin-left:0;padding-top:0rem;padding-bottom:0rem;font-size:21px\">Das Strakvlak-Team steht immer f\u00fcr Sie bereit!<\/h4>\n\n\n\n<div class=\"wp-block-group is-layout-constrained wp-block-group-is-layout-constrained\">\n<p>Visser &amp; Visser &#8211; Strakvlak zeichnet sich auf dem Markt durch eine besonders proaktive und kundenorientierte Haltung, ein sehr breites Sortiment in Kombination mit viel Fachwissen aus. Unsere Kunden wissen mittlerweile, dass wir immer f\u00fcr sie da sind, offen f\u00fcr Feedback und Verbesserungen sind und mit ihnen mitdenken. Wir legen Wert auf Qualit\u00e4t, Zuverl\u00e4ssigkeit, kurze Kommunikationswege und schnelles Handeln. Lernen Sie unseren guten Service, unsere Flexibilit\u00e4t und die M\u00f6glichkeit kennen, schnell zu liefern \u2013 wenn n\u00f6tig noch am selben Tag!<\/p>\n\n\n\n<p>Haben Sie Fragen zu Strakvlak oder m\u00f6chten Sie den Komfort des Strakvlak Planierhobels selbst erleben? Das Strakvlak-Team steht immer f\u00fcr Sie bereit. Fordern Sie jetzt eine kostenlose und unverbindliche Demo an oder kontaktieren Sie uns. Das geht selbstverst\u00e4ndlich telefonisch, aber auch per E-Mail, WhatsApp oder \u00fcber das Kontaktformular auf unserer Website.<\/p>\n\n\n\n<div class=\"wp-block-buttons is-layout-flex wp-block-buttons-is-layout-flex\">\n<div class=\"wp-block-button\"><a class=\"wp-block-button__link wp-element-button\" href=\"https:\/\/strakvlak.nl\/de\/demo-anfrage\/\">Demo anfordern<\/a><\/div>\n\n\n\n<div class=\"wp-block-button\"><a class=\"wp-block-button__link has-ast-global-color-5-color has-ast-global-color-0-background-color has-text-color has-background has-link-color wp-element-button\" href=\"https:\/\/strakvlak.nl\/de\/kontakt\/\">Kontakt aufnehmen<\/a><\/div>\n<\/div>\n<\/div>\n<\/div>\n\n\n\n<div class=\"wp-block-uagb-image uagb-block-c64bd6df wp-block-uagb-image--layout-default wp-block-uagb-image--effect-static wp-block-uagb-image--align-none\"><figure class=\"wp-block-uagb-image__figure\"><img decoding=\"async\" srcset=\"https:\/\/www.strakvlak.nl\/wp-content\/uploads\/2024\/05\/Strakvlak-in-use-_1_.webp ,https:\/\/www.strakvlak.nl\/wp-content\/uploads\/2024\/05\/Strakvlak-in-use-_1_.webp 780w, https:\/\/www.strakvlak.nl\/wp-content\/uploads\/2024\/05\/Strakvlak-in-use-_1_.webp 360w\" sizes=\"auto, (max-width: 480px) 150px\" src=\"https:\/\/www.strakvlak.nl\/wp-content\/uploads\/2024\/05\/Strakvlak-in-use-_1_.webp\" alt=\"Strakvlak gebruikt\" class=\"uag-image-3351\" width=\"539\" height=\"403\" title=\"\" loading=\"lazy\" role=\"img\"\/><\/figure><\/div>\n<\/div><\/div>\n","protected":false},"excerpt":{"rendered":"<p>Strakvlak und Visser &amp; Visser Strakvlak ist ein Produkt von Visser &amp; Visser, einem Familienunternehmen aus Breda, das seit \u00fcber [&hellip;]<\/p>\n","protected":false},"author":9,"featured_media":0,"parent":0,"menu_order":0,"comment_status":"closed","ping_status":"closed","template":"","meta":{"_acf_changed":false,"_uag_custom_page_level_css":"","site-sidebar-layout":"default","site-content-layout":"","ast-site-content-layout":"default","site-content-style":"default","site-sidebar-style":"default","ast-global-header-display":"","ast-banner-title-visibility":"","ast-main-header-display":"","ast-hfb-above-header-display":"","ast-hfb-below-header-display":"","ast-hfb-mobile-header-display":"","site-post-title":"disabled","ast-breadcrumbs-content":"","ast-featured-img":"","footer-sml-layout":"","ast-disable-related-posts":"","theme-transparent-header-meta":"","adv-header-id-meta":"","stick-header-meta":"","header-above-stick-meta":"","header-main-stick-meta":"","header-below-stick-meta":"","astra-migrate-meta-layouts":"set","ast-page-background-enabled":"default","ast-page-background-meta":{"desktop":{"background-color":"var(--ast-global-color-4)","background-image":"","background-repeat":"repeat","background-position":"center center","background-size":"auto","background-attachment":"scroll","background-type":"","background-media":"","overlay-type":"","overlay-color":"","overlay-opacity":"","overlay-gradient":""},"tablet":{"background-color":"","background-image":"","background-repeat":"repeat","background-position":"center center","background-size":"auto","background-attachment":"scroll","background-type":"","background-media":"","overlay-type":"","overlay-color":"","overlay-opacity":"","overlay-gradient":""},"mobile":{"background-color":"","background-image":"","background-repeat":"repeat","background-position":"center center","background-size":"auto","background-attachment":"scroll","background-type":"","background-media":"","overlay-type":"","overlay-color":"","overlay-opacity":"","overlay-gradient":""}},"ast-content-background-meta":{"desktop":{"background-color":"var(--ast-global-color-5)","background-image":"","background-repeat":"repeat","background-position":"center center","background-size":"auto","background-attachment":"scroll","background-type":"","background-media":"","overlay-type":"","overlay-color":"","overlay-opacity":"","overlay-gradient":""},"tablet":{"background-color":"var(--ast-global-color-5)","background-image":"","background-repeat":"repeat","background-position":"center center","background-size":"auto","background-attachment":"scroll","background-type":"","background-media":"","overlay-type":"","overlay-color":"","overlay-opacity":"","overlay-gradient":""},"mobile":{"background-color":"var(--ast-global-color-5)","background-image":"","background-repeat":"repeat","background-position":"center center","background-size":"auto","background-attachment":"scroll","background-type":"","background-media":"","overlay-type":"","overlay-color":"","overlay-opacity":"","overlay-gradient":""}},"footnotes":""},"class_list":["post-4724","page","type-page","status-publish","hentry"],"acf":[],"yoast_head":"<!-- This site is optimized with the Yoast SEO plugin v27.3 - https:\/\/yoast.com\/product\/yoast-seo-wordpress\/ -->\n<title>\u00dcber uns - Strakvlak<\/title>\n<meta name=\"description\" content=\"Im September 2009 wurden die drei verschiedenen Strakvlak-Modelle eingef\u00fchrt. Entdecken und lesen Sie unsere ganze Geschichte auf dieser Seite.\" \/>\n<meta name=\"robots\" content=\"index, follow, max-snippet:-1, max-image-preview:large, max-video-preview:-1\" \/>\n<link rel=\"canonical\" href=\"https:\/\/www.strakvlak.nl\/de\/uber-uns\/\" \/>\n<meta property=\"og:locale\" content=\"de_DE\" \/>\n<meta property=\"og:type\" content=\"article\" \/>\n<meta property=\"og:title\" content=\"\u00dcber uns - Strakvlak\" \/>\n<meta property=\"og:description\" content=\"Im September 2009 wurden die drei verschiedenen Strakvlak-Modelle eingef\u00fchrt. Entdecken und lesen Sie unsere ganze Geschichte auf dieser Seite.\" \/>\n<meta property=\"og:url\" content=\"https:\/\/www.strakvlak.nl\/de\/uber-uns\/\" \/>\n<meta property=\"og:site_name\" content=\"Strakvlak\" \/>\n<meta property=\"article:modified_time\" content=\"2024-07-31T08:39:18+00:00\" \/>\n<meta property=\"og:image\" content=\"https:\/\/www.strakvlak.nl\/wp-content\/uploads\/2024\/05\/Vertegenwoordigers-Visser-_1_-1030x791.webp\" \/>\n<meta name=\"twitter:card\" content=\"summary_large_image\" \/>\n<meta name=\"twitter:label1\" content=\"Gesch\u00e4tzte Lesezeit\" \/>\n\t<meta name=\"twitter:data1\" content=\"3\u00a0Minuten\" \/>\n<script type=\"application\/ld+json\" class=\"yoast-schema-graph\">{\"@context\":\"https:\\\/\\\/schema.org\",\"@graph\":[{\"@type\":\"WebPage\",\"@id\":\"https:\\\/\\\/www.strakvlak.nl\\\/de\\\/uber-uns\\\/\",\"url\":\"https:\\\/\\\/www.strakvlak.nl\\\/de\\\/uber-uns\\\/\",\"name\":\"\u00dcber uns - Strakvlak\",\"isPartOf\":{\"@id\":\"https:\\\/\\\/www.strakvlak.nl\\\/de\\\/#website\"},\"primaryImageOfPage\":{\"@id\":\"https:\\\/\\\/www.strakvlak.nl\\\/de\\\/uber-uns\\\/#primaryimage\"},\"image\":{\"@id\":\"https:\\\/\\\/www.strakvlak.nl\\\/de\\\/uber-uns\\\/#primaryimage\"},\"thumbnailUrl\":\"https:\\\/\\\/www.strakvlak.nl\\\/wp-content\\\/uploads\\\/2024\\\/05\\\/Vertegenwoordigers-Visser-_1_-1030x791.webp\",\"datePublished\":\"2024-07-19T08:56:02+00:00\",\"dateModified\":\"2024-07-31T08:39:18+00:00\",\"description\":\"Im September 2009 wurden die drei verschiedenen Strakvlak-Modelle eingef\u00fchrt. Entdecken und lesen Sie unsere ganze Geschichte auf dieser Seite.\",\"breadcrumb\":{\"@id\":\"https:\\\/\\\/www.strakvlak.nl\\\/de\\\/uber-uns\\\/#breadcrumb\"},\"inLanguage\":\"de\",\"potentialAction\":[{\"@type\":\"ReadAction\",\"target\":[\"https:\\\/\\\/www.strakvlak.nl\\\/de\\\/uber-uns\\\/\"]}]},{\"@type\":\"ImageObject\",\"inLanguage\":\"de\",\"@id\":\"https:\\\/\\\/www.strakvlak.nl\\\/de\\\/uber-uns\\\/#primaryimage\",\"url\":\"https:\\\/\\\/www.strakvlak.nl\\\/wp-content\\\/uploads\\\/2024\\\/05\\\/Vertegenwoordigers-Visser-_1_-1030x791.webp\",\"contentUrl\":\"https:\\\/\\\/www.strakvlak.nl\\\/wp-content\\\/uploads\\\/2024\\\/05\\\/Vertegenwoordigers-Visser-_1_-1030x791.webp\"},{\"@type\":\"BreadcrumbList\",\"@id\":\"https:\\\/\\\/www.strakvlak.nl\\\/de\\\/uber-uns\\\/#breadcrumb\",\"itemListElement\":[{\"@type\":\"ListItem\",\"position\":1,\"name\":\"Home\",\"item\":\"https:\\\/\\\/www.strakvlak.nl\\\/de\\\/\"},{\"@type\":\"ListItem\",\"position\":2,\"name\":\"\u00dcber uns\"}]},{\"@type\":\"WebSite\",\"@id\":\"https:\\\/\\\/www.strakvlak.nl\\\/de\\\/#website\",\"url\":\"https:\\\/\\\/www.strakvlak.nl\\\/de\\\/\",\"name\":\"Strakvlak\",\"description\":\"Egaliseren met gemak!\",\"publisher\":{\"@id\":\"https:\\\/\\\/www.strakvlak.nl\\\/de\\\/#organization\"},\"potentialAction\":[{\"@type\":\"SearchAction\",\"target\":{\"@type\":\"EntryPoint\",\"urlTemplate\":\"https:\\\/\\\/www.strakvlak.nl\\\/de\\\/?s={search_term_string}\"},\"query-input\":{\"@type\":\"PropertyValueSpecification\",\"valueRequired\":true,\"valueName\":\"search_term_string\"}}],\"inLanguage\":\"de\"},{\"@type\":\"Organization\",\"@id\":\"https:\\\/\\\/www.strakvlak.nl\\\/de\\\/#organization\",\"name\":\"Strakvlak BV\",\"url\":\"https:\\\/\\\/www.strakvlak.nl\\\/de\\\/\",\"logo\":{\"@type\":\"ImageObject\",\"inLanguage\":\"de\",\"@id\":\"https:\\\/\\\/www.strakvlak.nl\\\/de\\\/#\\\/schema\\\/logo\\\/image\\\/\",\"url\":\"https:\\\/\\\/www.strakvlak.nl\\\/wp-content\\\/uploads\\\/2017\\\/08\\\/strakvlak-egaliseerscchuif.png\",\"contentUrl\":\"https:\\\/\\\/www.strakvlak.nl\\\/wp-content\\\/uploads\\\/2017\\\/08\\\/strakvlak-egaliseerscchuif.png\",\"width\":333,\"height\":57,\"caption\":\"Strakvlak BV\"},\"image\":{\"@id\":\"https:\\\/\\\/www.strakvlak.nl\\\/de\\\/#\\\/schema\\\/logo\\\/image\\\/\"},\"sameAs\":[\"https:\\\/\\\/www.linkedin.com\\\/company\\\/visser-breda\\\/\",\"https:\\\/\\\/www.youtube.com\\\/user\\\/strakvlak39\"]}]}<\/script>\n<!-- \/ Yoast SEO plugin. -->","yoast_head_json":{"title":"\u00dcber uns - Strakvlak","description":"Im September 2009 wurden die drei verschiedenen Strakvlak-Modelle eingef\u00fchrt. Entdecken und lesen Sie unsere ganze Geschichte auf dieser Seite.","robots":{"index":"index","follow":"follow","max-snippet":"max-snippet:-1","max-image-preview":"max-image-preview:large","max-video-preview":"max-video-preview:-1"},"canonical":"https:\/\/www.strakvlak.nl\/de\/uber-uns\/","og_locale":"de_DE","og_type":"article","og_title":"\u00dcber uns - Strakvlak","og_description":"Im September 2009 wurden die drei verschiedenen Strakvlak-Modelle eingef\u00fchrt. Entdecken und lesen Sie unsere ganze Geschichte auf dieser Seite.","og_url":"https:\/\/www.strakvlak.nl\/de\/uber-uns\/","og_site_name":"Strakvlak","article_modified_time":"2024-07-31T08:39:18+00:00","og_image":[{"url":"https:\/\/www.strakvlak.nl\/wp-content\/uploads\/2024\/05\/Vertegenwoordigers-Visser-_1_-1030x791.webp","type":"","width":"","height":""}],"twitter_card":"summary_large_image","twitter_misc":{"Gesch\u00e4tzte Lesezeit":"3\u00a0Minuten"},"schema":{"@context":"https:\/\/schema.org","@graph":[{"@type":"WebPage","@id":"https:\/\/www.strakvlak.nl\/de\/uber-uns\/","url":"https:\/\/www.strakvlak.nl\/de\/uber-uns\/","name":"\u00dcber uns - Strakvlak","isPartOf":{"@id":"https:\/\/www.strakvlak.nl\/de\/#website"},"primaryImageOfPage":{"@id":"https:\/\/www.strakvlak.nl\/de\/uber-uns\/#primaryimage"},"image":{"@id":"https:\/\/www.strakvlak.nl\/de\/uber-uns\/#primaryimage"},"thumbnailUrl":"https:\/\/www.strakvlak.nl\/wp-content\/uploads\/2024\/05\/Vertegenwoordigers-Visser-_1_-1030x791.webp","datePublished":"2024-07-19T08:56:02+00:00","dateModified":"2024-07-31T08:39:18+00:00","description":"Im September 2009 wurden die drei verschiedenen Strakvlak-Modelle eingef\u00fchrt. Entdecken und lesen Sie unsere ganze Geschichte auf dieser Seite.","breadcrumb":{"@id":"https:\/\/www.strakvlak.nl\/de\/uber-uns\/#breadcrumb"},"inLanguage":"de","potentialAction":[{"@type":"ReadAction","target":["https:\/\/www.strakvlak.nl\/de\/uber-uns\/"]}]},{"@type":"ImageObject","inLanguage":"de","@id":"https:\/\/www.strakvlak.nl\/de\/uber-uns\/#primaryimage","url":"https:\/\/www.strakvlak.nl\/wp-content\/uploads\/2024\/05\/Vertegenwoordigers-Visser-_1_-1030x791.webp","contentUrl":"https:\/\/www.strakvlak.nl\/wp-content\/uploads\/2024\/05\/Vertegenwoordigers-Visser-_1_-1030x791.webp"},{"@type":"BreadcrumbList","@id":"https:\/\/www.strakvlak.nl\/de\/uber-uns\/#breadcrumb","itemListElement":[{"@type":"ListItem","position":1,"name":"Home","item":"https:\/\/www.strakvlak.nl\/de\/"},{"@type":"ListItem","position":2,"name":"\u00dcber uns"}]},{"@type":"WebSite","@id":"https:\/\/www.strakvlak.nl\/de\/#website","url":"https:\/\/www.strakvlak.nl\/de\/","name":"Strakvlak","description":"Egaliseren met gemak!","publisher":{"@id":"https:\/\/www.strakvlak.nl\/de\/#organization"},"potentialAction":[{"@type":"SearchAction","target":{"@type":"EntryPoint","urlTemplate":"https:\/\/www.strakvlak.nl\/de\/?s={search_term_string}"},"query-input":{"@type":"PropertyValueSpecification","valueRequired":true,"valueName":"search_term_string"}}],"inLanguage":"de"},{"@type":"Organization","@id":"https:\/\/www.strakvlak.nl\/de\/#organization","name":"Strakvlak BV","url":"https:\/\/www.strakvlak.nl\/de\/","logo":{"@type":"ImageObject","inLanguage":"de","@id":"https:\/\/www.strakvlak.nl\/de\/#\/schema\/logo\/image\/","url":"https:\/\/www.strakvlak.nl\/wp-content\/uploads\/2017\/08\/strakvlak-egaliseerscchuif.png","contentUrl":"https:\/\/www.strakvlak.nl\/wp-content\/uploads\/2017\/08\/strakvlak-egaliseerscchuif.png","width":333,"height":57,"caption":"Strakvlak BV"},"image":{"@id":"https:\/\/www.strakvlak.nl\/de\/#\/schema\/logo\/image\/"},"sameAs":["https:\/\/www.linkedin.com\/company\/visser-breda\/","https:\/\/www.youtube.com\/user\/strakvlak39"]}]}},"uagb_featured_image_src":{"full":false,"thumbnail":false,"medium":false,"medium_large":false,"large":false,"1536x1536":false,"2048x2048":false,"gform-image-choice-sm":false,"gform-image-choice-md":false,"gform-image-choice-lg":false},"uagb_author_info":{"display_name":"sow media","author_link":"https:\/\/www.strakvlak.nl\/de\/author\/sowmedia\/"},"uagb_comment_info":0,"uagb_excerpt":"Strakvlak und Visser &amp; Visser Strakvlak ist ein Produkt von Visser &amp; Visser, einem Familienunternehmen aus Breda, das seit \u00fcber [&hellip;]","_links":{"self":[{"href":"https:\/\/www.strakvlak.nl\/de\/wp-json\/wp\/v2\/pages\/4724","targetHints":{"allow":["GET"]}}],"collection":[{"href":"https:\/\/www.strakvlak.nl\/de\/wp-json\/wp\/v2\/pages"}],"about":[{"href":"https:\/\/www.strakvlak.nl\/de\/wp-json\/wp\/v2\/types\/page"}],"author":[{"embeddable":true,"href":"https:\/\/www.strakvlak.nl\/de\/wp-json\/wp\/v2\/users\/9"}],"replies":[{"embeddable":true,"href":"https:\/\/www.strakvlak.nl\/de\/wp-json\/wp\/v2\/comments?post=4724"}],"version-history":[{"count":6,"href":"https:\/\/www.strakvlak.nl\/de\/wp-json\/wp\/v2\/pages\/4724\/revisions"}],"predecessor-version":[{"id":5431,"href":"https:\/\/www.strakvlak.nl\/de\/wp-json\/wp\/v2\/pages\/4724\/revisions\/5431"}],"wp:attachment":[{"href":"https:\/\/www.strakvlak.nl\/de\/wp-json\/wp\/v2\/media?parent=4724"}],"curies":[{"name":"wp","href":"https:\/\/api.w.org\/{rel}","templated":true}]}}