{"id":5894,"date":"2024-08-12T08:33:18","date_gmt":"2024-08-12T06:33:18","guid":{"rendered":"https:\/\/www.strakvlak.nl\/a-propos-de-nous\/"},"modified":"2024-08-12T11:47:12","modified_gmt":"2024-08-12T09:47:12","slug":"a-propos-de-nous","status":"publish","type":"page","link":"https:\/\/www.strakvlak.nl\/fr\/a-propos-de-nous\/","title":{"rendered":"A propos de nous"},"content":{"rendered":"\n<div style=\"height:10px\" aria-hidden=\"true\" class=\"wp-block-spacer\"><\/div>\n\n<div style=\"height:5px\" aria-hidden=\"true\" class=\"wp-block-spacer\"><\/div>\n\n<div class=\"wp-block-uagb-container uagb-block-f6deaaeb alignfull uagb-is-root-container\"><div class=\"uagb-container-inner-blocks-wrap\">\n<div class=\"wp-block-uagb-container uagb-block-60fa0dd7\">\n<h1 class=\"wp-block-heading has-text-align-left has-ast-global-color-0-color has-text-color\" style=\"margin-top:0px;margin-right:0;margin-bottom:0px;margin-left:0;padding-top:0rem;padding-bottom:0rem;font-size:21px\">Strakvlak et Visser &amp; Visser<\/h1>\n\n\n\n<p>Strakvlak est un produit de <a href=\"https:\/\/www.visserenvisser.nl\/?utm_source=strakvlak&amp;utm_medium=fr&amp;utm_campaign=referral\" target=\"_blank\" rel=\"noopener\">Visser &amp; Visser<\/a>, une entreprise familiale bas\u00e9e \u00e0 Breda qui est active en tant que grossiste en g\u00e9nie civil depuis plus de 60 ans. Visser &amp; Visser est connue pour sa large gamme de produits et poss\u00e8de une grande expertise en mati\u00e8re de mesure, de construction et de balisage. Cette riche histoire et cette exp\u00e9rience dans la fourniture d&rsquo;outils de jardinage et de construction routi\u00e8re de haute qualit\u00e9 ont constitu\u00e9 la base du d\u00e9veloppement de Strakvlak.<\/p>\n\n\n\n<h2 class=\"wp-block-heading has-text-align-left has-ast-global-color-0-color has-text-color\" style=\"margin-top:0px;margin-right:0;margin-bottom:0px;margin-left:0;padding-top:0rem;padding-bottom:0rem;font-size:21px\">Fonctionnel et ergonomique<\/h2>\n\n\n\n<p>La perc\u00e9e du Strakvlak remonte \u00e0 2009. L&rsquo;id\u00e9e de la niveleuse Strakvlak est n\u00e9e des observations directes et des r\u00e9actions des jardiniers et des paveurs. Les professionnels sur le terrain ont indiqu\u00e9 que les outils de d\u00e9capage traditionnels \u00e9taient souvent lourds, peu maniables et \u00e9prouvants pour le corps. Cela se faisait au d\u00e9triment de la productivit\u00e9 et, plus important encore, de la sant\u00e9 des utilisateurs. Le besoin d&rsquo;un outil de pavage ergonomique et efficace \u00e9tait donc important. C&rsquo;est la raison pour laquelle Visser &amp; Visser a commenc\u00e9 \u00e0 d\u00e9velopper<\/p>\n<\/div>\n\n\n\n<div class=\"wp-block-uagb-image uagb-block-3389989a wp-block-uagb-image--layout-default wp-block-uagb-image--effect-static wp-block-uagb-image--align-none\"><figure class=\"wp-block-uagb-image__figure\"><img decoding=\"async\" srcset=\"https:\/\/www.strakvlak.nl\/wp-content\/uploads\/2024\/05\/Vertegenwoordigers-Visser-_1_-1030x791.webp ,https:\/\/www.strakvlak.nl\/wp-content\/uploads\/2024\/05\/Vertegenwoordigers-Visser-_1_.webp 780w, https:\/\/www.strakvlak.nl\/wp-content\/uploads\/2024\/05\/Vertegenwoordigers-Visser-_1_.webp 360w\" sizes=\"auto, (max-width: 480px) 150px\" src=\"https:\/\/www.strakvlak.nl\/wp-content\/uploads\/2024\/05\/Vertegenwoordigers-Visser-_1_-1030x791.webp\" alt=\"Strakvlak vertegenwoordigers\" class=\"uag-image-3347\" width=\"585\" height=\"449\" title=\"\" loading=\"lazy\" role=\"img\"\/><\/figure><\/div>\r\n<\/div><\/div>\n\n<div class=\"wp-block-uagb-container uagb-block-a7ee71d3 alignfull uagb-is-root-container\"><div class=\"uagb-container-inner-blocks-wrap\">\n<div class=\"wp-block-uagb-container uagb-block-0dad5510\">\n<figure class=\"wp-block-image size-large\"><a href=\"https:\/\/www.strakvlak.nl\/strakvlak-lsr\/\"><img decoding=\"async\" width=\"1030\" height=\"773\" src=\"https:\/\/www.strakvlak.nl\/wp-content\/uploads\/2024\/05\/strakvlak-LSR-1030x773.webp\" alt=\"Strakvlak LSR\" class=\"wp-image-3027\" srcset=\"https:\/\/www.strakvlak.nl\/wp-content\/uploads\/2024\/05\/strakvlak-LSR-1030x773.webp 1030w, https:\/\/www.strakvlak.nl\/wp-content\/uploads\/2024\/05\/strakvlak-LSR-300x225.webp 300w, https:\/\/www.strakvlak.nl\/wp-content\/uploads\/2024\/05\/strakvlak-LSR-768x576.webp 768w, https:\/\/www.strakvlak.nl\/wp-content\/uploads\/2024\/05\/strakvlak-LSR-1536x1152.webp 1536w, https:\/\/www.strakvlak.nl\/wp-content\/uploads\/2024\/05\/strakvlak-LSR-2048x1536.webp 2048w\" sizes=\"(max-width: 1030px) 100vw, 1030px\" \/><\/a><\/figure>\n<\/div>\n\n\n\n<div class=\"wp-block-uagb-container uagb-block-f27eb3dc\">\n<p>d&rsquo;une solution innovante pour l&rsquo;industrie du jardinage et du pavage. C&rsquo;est ainsi qu&rsquo;est n\u00e9 Strakvlak : la surface de d\u00e9capage fonctionnelle et ergonomique. En toute logique, le Strakvlak de Visser &amp; Visser a \u00e9t\u00e9 accueilli \u00e0 bras ouverts par les organisations professionnelles et les institutions de sant\u00e9 et de s\u00e9curit\u00e9 au travail !<\/p>\n\n\n\n<h4 class=\"wp-block-heading has-text-align-left has-ast-global-color-0-color has-text-color\" style=\"margin-top:0px;margin-right:0;margin-bottom:0px;margin-left:0;padding-top:0rem;padding-bottom:0rem;font-size:21px\">Innovation et d\u00e9veloppement constants<\/h4>\n\n\n\n<p>Malgr\u00e9 ce succ\u00e8s, Visser &amp; Visser a continu\u00e9 \u00e0 investir dans la technologie et le design afin d&rsquo;am\u00e9liorer et d&rsquo;adapter ses produits Strakvlak aux besoins changeants du march\u00e9. C&rsquo;est ainsi qu&rsquo;en 2015, Visser &amp; Visser a pr\u00e9sent\u00e9 des mod\u00e8les actualis\u00e9s et am\u00e9lior\u00e9s : des plaques lat\u00e9rales plus hautes pour une meilleure r\u00e9f\u00e9rence, une plus grande largeur de travail, un profil de toit en option et des roues plus plates. En outre, des accessoires tels qu&rsquo;un r\u00e2teau \u00e0 semences et un balai ont \u00e9galement \u00e9t\u00e9 d\u00e9velopp\u00e9s pour optimiser la fonctionnalit\u00e9 des cultivateurs niveleurs Strakvlak. Cependant, l&rsquo;\u00e9tablissement de points de r\u00e9f\u00e9rence restait une t\u00e2che fastidieuse. Apr\u00e8s pr\u00e8s de trois ans et demi de d\u00e9veloppement et de tests approfondis, Visser &amp; Visser a lanc\u00e9 en juin 2023 un mod\u00e8le \u00e0 commande laser et \u00e0 nivellement automatique : le <strong><a href=\"https:\/\/www.strakvlak.nl\/strakvlak-lsr\/\" target=\"_blank\" rel=\"noopener\">Strakvlak LSR<\/a><\/strong>. Ce mod\u00e8le permet de cr\u00e9er rapidement et facilement un niveau plat ou une pente simple\/double. Le Strakvlak LSR rend ainsi les travaux de nivellement encore plus faciles !<\/p>\n<\/div>\n<\/div><\/div>\n\n<div class=\"wp-block-uagb-container uagb-block-d8fad21a alignfull uagb-is-root-container\"><div class=\"uagb-container-inner-blocks-wrap\">\n<div class=\"wp-block-uagb-container uagb-block-e0fae354\">\n<h4 class=\"wp-block-heading has-text-align-left has-ast-global-color-0-color has-text-color\" style=\"margin-top:0px;margin-right:0;margin-bottom:0px;margin-left:0;padding-top:0rem;padding-bottom:0rem;font-size:21px\">L&rsquo;\u00e9quipe de Strakvlak est toujours l\u00e0 pour vous !<\/h4>\n\n\n\n<div class=\"wp-block-group is-layout-constrained wp-block-group-is-layout-constrained\">\n<p>Visser &amp; Visser &#8211; Strakvlak se distingue sur le march\u00e9 par une attitude particuli\u00e8rement proactive et orient\u00e9e vers le client, une tr\u00e8s large gamme de produits combin\u00e9e \u00e0 de nombreuses connaissances sp\u00e9cialis\u00e9es. Nos clients savent d\u00e9sormais que nous sommes toujours l\u00e0 pour eux, que nous sommes ouverts aux commentaires et aux am\u00e9liorations et que nous r\u00e9fl\u00e9chissons avec eux. Nous accordons de l&rsquo;importance \u00e0 la qualit\u00e9, \u00e0 la fiabilit\u00e9, \u00e0 des lignes de communication courtes et \u00e0 une r\u00e9ponse rapide. D\u00e9couvrez notre bon service, notre flexibilit\u00e9 et notre capacit\u00e9 \u00e0 livrer rapidement, le jour m\u00eame si n\u00e9cessaire !<\/p>\n\n\n\n<p>Vous avez des questions sur Strakvlak ou vous souhaitez faire l&rsquo;exp\u00e9rience du confort du toboggan de nivellement Strakvlak ? L&rsquo;\u00e9quipe Strakvlak est toujours \u00e0 votre disposition. Demandez d\u00e8s maintenant une d\u00e9monstration gratuite et sans engagement ou contactez-nous. Par t\u00e9l\u00e9phone, bien s\u00fbr, mais aussi par e-mail, Whatsapp ou via le formulaire de contact de notre site web.<\/p>\n\n\n\n<div class=\"wp-block-buttons is-layout-flex wp-block-buttons-is-layout-flex\">\n<div class=\"wp-block-button\"><a class=\"wp-block-button__link wp-element-button\" href=\"https:\/\/www.strakvlak.nl\/fr\/demande-de-demonstration\/\">Demander une d\u00e9monstration<\/a><\/div>\n\n\n\n<div class=\"wp-block-button\"><a class=\"wp-block-button__link has-ast-global-color-5-color has-ast-global-color-0-background-color has-text-color has-background has-link-color wp-element-button\" href=\"https:\/\/www.strakvlak.nl\/fr\/contact\/\">Prendre contact<\/a><\/div>\n<\/div>\n<\/div>\n<\/div>\n\n\n\n<div class=\"wp-block-uagb-image uagb-block-c64bd6df wp-block-uagb-image--layout-default wp-block-uagb-image--effect-static wp-block-uagb-image--align-none\"><figure class=\"wp-block-uagb-image__figure\"><img decoding=\"async\" srcset=\"https:\/\/www.strakvlak.nl\/wp-content\/uploads\/2024\/05\/Strakvlak-in-use-_1_.webp ,https:\/\/www.strakvlak.nl\/wp-content\/uploads\/2024\/05\/Strakvlak-in-use-_1_.webp 780w, https:\/\/www.strakvlak.nl\/wp-content\/uploads\/2024\/05\/Strakvlak-in-use-_1_.webp 360w\" sizes=\"auto, (max-width: 480px) 150px\" src=\"https:\/\/www.strakvlak.nl\/wp-content\/uploads\/2024\/05\/Strakvlak-in-use-_1_.webp\" alt=\"Strakvlak gebruikt\" class=\"uag-image-3351\" width=\"539\" height=\"403\" title=\"\" loading=\"lazy\" role=\"img\"\/><\/figure><\/div>\r\n<\/div><\/div>\n","protected":false},"excerpt":{"rendered":"<p>Strakvlak et Visser &amp; Visser Strakvlak est un produit de Visser &amp; Visser, une entreprise familiale bas\u00e9e \u00e0 Breda qui [&hellip;]<\/p>\n","protected":false},"author":9,"featured_media":0,"parent":0,"menu_order":0,"comment_status":"closed","ping_status":"closed","template":"","meta":{"_acf_changed":false,"_uag_custom_page_level_css":"","site-sidebar-layout":"default","site-content-layout":"","ast-site-content-layout":"default","site-content-style":"default","site-sidebar-style":"default","ast-global-header-display":"","ast-banner-title-visibility":"","ast-main-header-display":"","ast-hfb-above-header-display":"","ast-hfb-below-header-display":"","ast-hfb-mobile-header-display":"","site-post-title":"disabled","ast-breadcrumbs-content":"","ast-featured-img":"","footer-sml-layout":"","ast-disable-related-posts":"","theme-transparent-header-meta":"","adv-header-id-meta":"","stick-header-meta":"","header-above-stick-meta":"","header-main-stick-meta":"","header-below-stick-meta":"","astra-migrate-meta-layouts":"default","ast-page-background-enabled":"default","ast-page-background-meta":{"desktop":{"background-color":"var(--ast-global-color-4)","background-image":"","background-repeat":"repeat","background-position":"center center","background-size":"auto","background-attachment":"scroll","background-type":"","background-media":"","overlay-type":"","overlay-color":"","overlay-opacity":"","overlay-gradient":""},"tablet":{"background-color":"","background-image":"","background-repeat":"repeat","background-position":"center center","background-size":"auto","background-attachment":"scroll","background-type":"","background-media":"","overlay-type":"","overlay-color":"","overlay-opacity":"","overlay-gradient":""},"mobile":{"background-color":"","background-image":"","background-repeat":"repeat","background-position":"center center","background-size":"auto","background-attachment":"scroll","background-type":"","background-media":"","overlay-type":"","overlay-color":"","overlay-opacity":"","overlay-gradient":""}},"ast-content-background-meta":{"desktop":{"background-color":"var(--ast-global-color-5)","background-image":"","background-repeat":"repeat","background-position":"center center","background-size":"auto","background-attachment":"scroll","background-type":"","background-media":"","overlay-type":"","overlay-color":"","overlay-opacity":"","overlay-gradient":""},"tablet":{"background-color":"var(--ast-global-color-5)","background-image":"","background-repeat":"repeat","background-position":"center center","background-size":"auto","background-attachment":"scroll","background-type":"","background-media":"","overlay-type":"","overlay-color":"","overlay-opacity":"","overlay-gradient":""},"mobile":{"background-color":"var(--ast-global-color-5)","background-image":"","background-repeat":"repeat","background-position":"center center","background-size":"auto","background-attachment":"scroll","background-type":"","background-media":"","overlay-type":"","overlay-color":"","overlay-opacity":"","overlay-gradient":""}},"footnotes":""},"class_list":["post-5894","page","type-page","status-publish","hentry"],"acf":[],"yoast_head":"<!-- This site is optimized with the Yoast SEO plugin v27.3 - https:\/\/yoast.com\/product\/yoast-seo-wordpress\/ -->\n<title>A propos de nous - Strakvlak<\/title>\n<meta name=\"description\" content=\"Les trois mod\u00e8les diff\u00e9rents de Strakvlak ont \u00e9t\u00e9 pr\u00e9sent\u00e9s en septembre 2009. D\u00e9couvrez et lisez notre histoire compl\u00e8te sur cette page.\" \/>\n<meta name=\"robots\" content=\"index, follow, max-snippet:-1, max-image-preview:large, max-video-preview:-1\" \/>\n<link rel=\"canonical\" href=\"https:\/\/www.strakvlak.nl\/fr\/a-propos-de-nous\/\" \/>\n<meta property=\"og:locale\" content=\"fr_FR\" \/>\n<meta property=\"og:type\" content=\"article\" \/>\n<meta property=\"og:title\" content=\"A propos de nous - Strakvlak\" \/>\n<meta property=\"og:description\" content=\"Les trois mod\u00e8les diff\u00e9rents de Strakvlak ont \u00e9t\u00e9 pr\u00e9sent\u00e9s en septembre 2009. D\u00e9couvrez et lisez notre histoire compl\u00e8te sur cette page.\" \/>\n<meta property=\"og:url\" content=\"https:\/\/www.strakvlak.nl\/fr\/a-propos-de-nous\/\" \/>\n<meta property=\"og:site_name\" content=\"Strakvlak\" \/>\n<meta property=\"article:modified_time\" content=\"2024-08-12T09:47:12+00:00\" \/>\n<meta property=\"og:image\" content=\"https:\/\/www.strakvlak.nl\/wp-content\/uploads\/2024\/05\/Vertegenwoordigers-Visser-_1_-1030x791.webp\" \/>\n<meta name=\"twitter:card\" content=\"summary_large_image\" \/>\n<meta name=\"twitter:label1\" content=\"Dur\u00e9e de lecture estim\u00e9e\" \/>\n\t<meta name=\"twitter:data1\" content=\"3 minutes\" \/>\n<script type=\"application\/ld+json\" class=\"yoast-schema-graph\">{\"@context\":\"https:\\\/\\\/schema.org\",\"@graph\":[{\"@type\":\"WebPage\",\"@id\":\"https:\\\/\\\/www.strakvlak.nl\\\/fr\\\/a-propos-de-nous\\\/\",\"url\":\"https:\\\/\\\/www.strakvlak.nl\\\/fr\\\/a-propos-de-nous\\\/\",\"name\":\"A propos de nous - Strakvlak\",\"isPartOf\":{\"@id\":\"https:\\\/\\\/www.strakvlak.nl\\\/fr\\\/#website\"},\"primaryImageOfPage\":{\"@id\":\"https:\\\/\\\/www.strakvlak.nl\\\/fr\\\/a-propos-de-nous\\\/#primaryimage\"},\"image\":{\"@id\":\"https:\\\/\\\/www.strakvlak.nl\\\/fr\\\/a-propos-de-nous\\\/#primaryimage\"},\"thumbnailUrl\":\"https:\\\/\\\/www.strakvlak.nl\\\/wp-content\\\/uploads\\\/2024\\\/05\\\/Vertegenwoordigers-Visser-_1_-1030x791.webp\",\"datePublished\":\"2024-08-12T06:33:18+00:00\",\"dateModified\":\"2024-08-12T09:47:12+00:00\",\"description\":\"Les trois mod\u00e8les diff\u00e9rents de Strakvlak ont \u00e9t\u00e9 pr\u00e9sent\u00e9s en septembre 2009. D\u00e9couvrez et lisez notre histoire compl\u00e8te sur cette page.\",\"breadcrumb\":{\"@id\":\"https:\\\/\\\/www.strakvlak.nl\\\/fr\\\/a-propos-de-nous\\\/#breadcrumb\"},\"inLanguage\":\"fr-FR\",\"potentialAction\":[{\"@type\":\"ReadAction\",\"target\":[\"https:\\\/\\\/www.strakvlak.nl\\\/fr\\\/a-propos-de-nous\\\/\"]}]},{\"@type\":\"ImageObject\",\"inLanguage\":\"fr-FR\",\"@id\":\"https:\\\/\\\/www.strakvlak.nl\\\/fr\\\/a-propos-de-nous\\\/#primaryimage\",\"url\":\"https:\\\/\\\/www.strakvlak.nl\\\/wp-content\\\/uploads\\\/2024\\\/05\\\/Vertegenwoordigers-Visser-_1_-1030x791.webp\",\"contentUrl\":\"https:\\\/\\\/www.strakvlak.nl\\\/wp-content\\\/uploads\\\/2024\\\/05\\\/Vertegenwoordigers-Visser-_1_-1030x791.webp\"},{\"@type\":\"BreadcrumbList\",\"@id\":\"https:\\\/\\\/www.strakvlak.nl\\\/fr\\\/a-propos-de-nous\\\/#breadcrumb\",\"itemListElement\":[{\"@type\":\"ListItem\",\"position\":1,\"name\":\"Home\",\"item\":\"https:\\\/\\\/www.strakvlak.nl\\\/fr\\\/\"},{\"@type\":\"ListItem\",\"position\":2,\"name\":\"A propos de nous\"}]},{\"@type\":\"WebSite\",\"@id\":\"https:\\\/\\\/www.strakvlak.nl\\\/fr\\\/#website\",\"url\":\"https:\\\/\\\/www.strakvlak.nl\\\/fr\\\/\",\"name\":\"Strakvlak\",\"description\":\"Egaliseren met gemak!\",\"publisher\":{\"@id\":\"https:\\\/\\\/www.strakvlak.nl\\\/fr\\\/#organization\"},\"potentialAction\":[{\"@type\":\"SearchAction\",\"target\":{\"@type\":\"EntryPoint\",\"urlTemplate\":\"https:\\\/\\\/www.strakvlak.nl\\\/fr\\\/?s={search_term_string}\"},\"query-input\":{\"@type\":\"PropertyValueSpecification\",\"valueRequired\":true,\"valueName\":\"search_term_string\"}}],\"inLanguage\":\"fr-FR\"},{\"@type\":\"Organization\",\"@id\":\"https:\\\/\\\/www.strakvlak.nl\\\/fr\\\/#organization\",\"name\":\"Strakvlak BV\",\"url\":\"https:\\\/\\\/www.strakvlak.nl\\\/fr\\\/\",\"logo\":{\"@type\":\"ImageObject\",\"inLanguage\":\"fr-FR\",\"@id\":\"https:\\\/\\\/www.strakvlak.nl\\\/fr\\\/#\\\/schema\\\/logo\\\/image\\\/\",\"url\":\"https:\\\/\\\/www.strakvlak.nl\\\/wp-content\\\/uploads\\\/2017\\\/08\\\/strakvlak-egaliseerscchuif.png\",\"contentUrl\":\"https:\\\/\\\/www.strakvlak.nl\\\/wp-content\\\/uploads\\\/2017\\\/08\\\/strakvlak-egaliseerscchuif.png\",\"width\":333,\"height\":57,\"caption\":\"Strakvlak BV\"},\"image\":{\"@id\":\"https:\\\/\\\/www.strakvlak.nl\\\/fr\\\/#\\\/schema\\\/logo\\\/image\\\/\"},\"sameAs\":[\"https:\\\/\\\/www.linkedin.com\\\/company\\\/visser-breda\\\/\",\"https:\\\/\\\/www.youtube.com\\\/user\\\/strakvlak39\"]}]}<\/script>\n<!-- \/ Yoast SEO plugin. -->","yoast_head_json":{"title":"A propos de nous - Strakvlak","description":"Les trois mod\u00e8les diff\u00e9rents de Strakvlak ont \u00e9t\u00e9 pr\u00e9sent\u00e9s en septembre 2009. D\u00e9couvrez et lisez notre histoire compl\u00e8te sur cette page.","robots":{"index":"index","follow":"follow","max-snippet":"max-snippet:-1","max-image-preview":"max-image-preview:large","max-video-preview":"max-video-preview:-1"},"canonical":"https:\/\/www.strakvlak.nl\/fr\/a-propos-de-nous\/","og_locale":"fr_FR","og_type":"article","og_title":"A propos de nous - Strakvlak","og_description":"Les trois mod\u00e8les diff\u00e9rents de Strakvlak ont \u00e9t\u00e9 pr\u00e9sent\u00e9s en septembre 2009. D\u00e9couvrez et lisez notre histoire compl\u00e8te sur cette page.","og_url":"https:\/\/www.strakvlak.nl\/fr\/a-propos-de-nous\/","og_site_name":"Strakvlak","article_modified_time":"2024-08-12T09:47:12+00:00","og_image":[{"url":"https:\/\/www.strakvlak.nl\/wp-content\/uploads\/2024\/05\/Vertegenwoordigers-Visser-_1_-1030x791.webp","type":"","width":"","height":""}],"twitter_card":"summary_large_image","twitter_misc":{"Dur\u00e9e de lecture estim\u00e9e":"3 minutes"},"schema":{"@context":"https:\/\/schema.org","@graph":[{"@type":"WebPage","@id":"https:\/\/www.strakvlak.nl\/fr\/a-propos-de-nous\/","url":"https:\/\/www.strakvlak.nl\/fr\/a-propos-de-nous\/","name":"A propos de nous - Strakvlak","isPartOf":{"@id":"https:\/\/www.strakvlak.nl\/fr\/#website"},"primaryImageOfPage":{"@id":"https:\/\/www.strakvlak.nl\/fr\/a-propos-de-nous\/#primaryimage"},"image":{"@id":"https:\/\/www.strakvlak.nl\/fr\/a-propos-de-nous\/#primaryimage"},"thumbnailUrl":"https:\/\/www.strakvlak.nl\/wp-content\/uploads\/2024\/05\/Vertegenwoordigers-Visser-_1_-1030x791.webp","datePublished":"2024-08-12T06:33:18+00:00","dateModified":"2024-08-12T09:47:12+00:00","description":"Les trois mod\u00e8les diff\u00e9rents de Strakvlak ont \u00e9t\u00e9 pr\u00e9sent\u00e9s en septembre 2009. D\u00e9couvrez et lisez notre histoire compl\u00e8te sur cette page.","breadcrumb":{"@id":"https:\/\/www.strakvlak.nl\/fr\/a-propos-de-nous\/#breadcrumb"},"inLanguage":"fr-FR","potentialAction":[{"@type":"ReadAction","target":["https:\/\/www.strakvlak.nl\/fr\/a-propos-de-nous\/"]}]},{"@type":"ImageObject","inLanguage":"fr-FR","@id":"https:\/\/www.strakvlak.nl\/fr\/a-propos-de-nous\/#primaryimage","url":"https:\/\/www.strakvlak.nl\/wp-content\/uploads\/2024\/05\/Vertegenwoordigers-Visser-_1_-1030x791.webp","contentUrl":"https:\/\/www.strakvlak.nl\/wp-content\/uploads\/2024\/05\/Vertegenwoordigers-Visser-_1_-1030x791.webp"},{"@type":"BreadcrumbList","@id":"https:\/\/www.strakvlak.nl\/fr\/a-propos-de-nous\/#breadcrumb","itemListElement":[{"@type":"ListItem","position":1,"name":"Home","item":"https:\/\/www.strakvlak.nl\/fr\/"},{"@type":"ListItem","position":2,"name":"A propos de nous"}]},{"@type":"WebSite","@id":"https:\/\/www.strakvlak.nl\/fr\/#website","url":"https:\/\/www.strakvlak.nl\/fr\/","name":"Strakvlak","description":"Egaliseren met gemak!","publisher":{"@id":"https:\/\/www.strakvlak.nl\/fr\/#organization"},"potentialAction":[{"@type":"SearchAction","target":{"@type":"EntryPoint","urlTemplate":"https:\/\/www.strakvlak.nl\/fr\/?s={search_term_string}"},"query-input":{"@type":"PropertyValueSpecification","valueRequired":true,"valueName":"search_term_string"}}],"inLanguage":"fr-FR"},{"@type":"Organization","@id":"https:\/\/www.strakvlak.nl\/fr\/#organization","name":"Strakvlak BV","url":"https:\/\/www.strakvlak.nl\/fr\/","logo":{"@type":"ImageObject","inLanguage":"fr-FR","@id":"https:\/\/www.strakvlak.nl\/fr\/#\/schema\/logo\/image\/","url":"https:\/\/www.strakvlak.nl\/wp-content\/uploads\/2017\/08\/strakvlak-egaliseerscchuif.png","contentUrl":"https:\/\/www.strakvlak.nl\/wp-content\/uploads\/2017\/08\/strakvlak-egaliseerscchuif.png","width":333,"height":57,"caption":"Strakvlak BV"},"image":{"@id":"https:\/\/www.strakvlak.nl\/fr\/#\/schema\/logo\/image\/"},"sameAs":["https:\/\/www.linkedin.com\/company\/visser-breda\/","https:\/\/www.youtube.com\/user\/strakvlak39"]}]}},"uagb_featured_image_src":{"full":false,"thumbnail":false,"medium":false,"medium_large":false,"large":false,"1536x1536":false,"2048x2048":false,"gform-image-choice-sm":false,"gform-image-choice-md":false,"gform-image-choice-lg":false},"uagb_author_info":{"display_name":"sow media","author_link":"https:\/\/www.strakvlak.nl\/fr\/author\/sowmedia\/"},"uagb_comment_info":0,"uagb_excerpt":"Strakvlak et Visser &amp; Visser Strakvlak est un produit de Visser &amp; Visser, une entreprise familiale bas\u00e9e \u00e0 Breda qui [&hellip;]","_links":{"self":[{"href":"https:\/\/www.strakvlak.nl\/fr\/wp-json\/wp\/v2\/pages\/5894","targetHints":{"allow":["GET"]}}],"collection":[{"href":"https:\/\/www.strakvlak.nl\/fr\/wp-json\/wp\/v2\/pages"}],"about":[{"href":"https:\/\/www.strakvlak.nl\/fr\/wp-json\/wp\/v2\/types\/page"}],"author":[{"embeddable":true,"href":"https:\/\/www.strakvlak.nl\/fr\/wp-json\/wp\/v2\/users\/9"}],"replies":[{"embeddable":true,"href":"https:\/\/www.strakvlak.nl\/fr\/wp-json\/wp\/v2\/comments?post=5894"}],"version-history":[{"count":3,"href":"https:\/\/www.strakvlak.nl\/fr\/wp-json\/wp\/v2\/pages\/5894\/revisions"}],"predecessor-version":[{"id":6067,"href":"https:\/\/www.strakvlak.nl\/fr\/wp-json\/wp\/v2\/pages\/5894\/revisions\/6067"}],"wp:attachment":[{"href":"https:\/\/www.strakvlak.nl\/fr\/wp-json\/wp\/v2\/media?parent=5894"}],"curies":[{"name":"wp","href":"https:\/\/api.w.org\/{rel}","templated":true}]}}